{"id":38,"date":"2025-02-20T13:25:51","date_gmt":"2025-02-20T12:25:51","guid":{"rendered":"http:\/\/viadegliabati\/?page_id=38"},"modified":"2025-04-11T11:53:22","modified_gmt":"2025-04-11T09:53:22","slug":"credenziale","status":"publish","type":"page","link":"https:\/\/viadegliabati.com\/index.php\/credenziale\/","title":{"rendered":"CREDENZIALE"},"content":{"rendered":"\n<p>La credenziale \u00e8 il certificato che attesta che il camminatore ha percorso la Via. Contiene&nbsp;una parte informativa, da compilare all&#8217;inizio del viaggio con i propri dati personali, luogo e data di inizio cammino, mezzo di locomozione (a piedi, in bicicletta o a cavallo) e&nbsp;uno spazio dove registrare il passaggio nelle varie localit\u00e0 con la data in cui questo avviene (\u00e8 sufficiente il timbro della localit\u00e0 a fine tappa).&nbsp;<\/p>\n\n\n\n<p>Lato associazione, si tratta del principale strumento con cui <strong>sostenere la Via<\/strong> in quanto forma di finanziamento e permette di registrare il <strong>numero di viandanti<\/strong> in cammino.<\/p>\n\n\n\n<p>Lato camminatori, permette di <strong>accedere alle attivit\u00e0 ricettive e ristorative<\/strong> che aderiscono al progetto con lo status di pellegrini e di ritirare il <strong>Testimonium <\/strong>una volta giunti a Pontremoli.<\/p>\n\n\n\n<p>La credenziale si ottiene:<\/p>\n\n\n\n<ol class=\"wp-block-list\">\n<li>effettuando una <strong>libera donazione all&#8217;associazione<\/strong> di <strong>15\u20ac<\/strong> utile a coprire costi di stampa e di gestione delle credenziali, cos\u00ec come a sostenere le spese di manutenzione dell\u2019intero progetto;<\/li>\n\n\n\n<li>compilando il <strong>modulo di richiesta<\/strong>.<\/li>\n<\/ol>\n\n\n\n<hr class=\"wp-block-separator has-alpha-channel-opacity\"\/>\n\n\n\n<h4 class=\"wp-block-heading\">Donazione<\/h4>\n\n\n\n<p>La donazione pu\u00f2 essere effettuata:<\/p>\n\n\n\n<ul class=\"wp-block-list\">\n<li>Tramite bonifico sul <strong>C\/C<\/strong> dell&#8217;associazione Via degli Abati&nbsp;<strong>IBAN : IT44H0623065190000030883318<\/strong> Credit Agricole filiale di Bobbio (PC), indicando in causale &#8220;Donazione credenziale Via degli Abati NOME COGNOME DEL RICHIEDENTE&#8221;;<\/li>\n\n\n\n<li>Sul conto <strong><strong><a href=\"https:\/\/www.satispay.com\/download\/qrcode\/S6Y-SHP--8C0066A2-DA27-4C0F-8BDA-7F1A477C7AC5\">Satispay<\/a><\/strong> <\/strong>dell&#8217;associazione<\/li>\n<\/ul>\n\n\n\n<hr class=\"wp-block-separator has-alpha-channel-opacity\"\/>\n\n\n\n<h4 class=\"wp-block-heading\">Modulo di richiesta<\/h4>\n\n\n\n<p>Ogni pellegrino \u00e8 tenuto a compilare il <strong><a href=\"https:\/\/tinyurl.com\/4jsh4xje\">MODULO<\/a><\/strong> <strong>singolarmente<\/strong> in ogni sua parte, allegando la ricevuta di versamento della donazione.<\/p>\n\n\n\n<p><strong>N.B.<\/strong> La compilazione del modulo per noi \u00e8 <strong>FONDAMENTALE<\/strong>, perch\u00e9 ci permette di rilevare i passaggi dei camminatori e di organizzare per tempo eventuali servizi.<\/p>\n\n\n\n<hr class=\"wp-block-separator has-alpha-channel-opacity\"\/>\n\n\n\n<h4 class=\"wp-block-heading\">Spedizioni<\/h4>\n\n\n\n<p>Credenziale e cartoguida possono essere spedite tramite mezzo raccomandata all&#8217;indirizzo indicato nel form, <\/p>\n\n\n\n<hr class=\"wp-block-separator has-alpha-channel-opacity\"\/>\n\n\n\n<h4 class=\"wp-block-heading\">I punti di distribuzione fisica<\/h4>\n\n\n\n<p>Credenziale e cartoguida sono attualmente ritirabili presso l&#8217;InfoPoint di Pavia e lo IAT di Bobbio negli orari di apertura ufficiali, dopo averle prenotate online.<\/p>\n\n\n\n<p><strong>INFOPOINT PAVIA<\/strong> Piazza della Vittoria, 20\/d &#8211; 27100 PAVIA tel. +39 0382399790 <a href=\"https:\/\/www.visitpavia.com\/it\/informazioni-turistiche-pavia\/infopoint\">https:\/\/www.visitpavia.com\/it\/informazioni-turistiche-pavia\/infopoint<\/a><\/p>\n\n\n\n<p><strong>IAT accoglienza e informazione turistica BOBBIO<\/strong>, Piazza S. Francesco &#8211; 29022 BOBBIO tel. +39 0523 962815 <a href=\"https:\/\/www.comune.bobbio.pc.it\/vivere_il_comune\/luoghi\/luogo_27.html\">https:\/\/www.comune.bobbio.pc.it\/vivere_il_comune\/luoghi\/luogo_27.html<\/a><\/p>\n\n\n\n<hr class=\"wp-block-separator has-alpha-channel-opacity\"\/>\n\n\n\n<h4 class=\"wp-block-heading\">I timbri<\/h4>\n\n\n\n<p><strong>TIMBRI<\/strong><br>I timbri sono la modalit\u00e0 con cui viene attestato il passaggio nelle tappe del percorso. &nbsp;<\/p>\n\n\n\n<p><strong>REGISTRI<\/strong><br>I registri non sono altro che quaderni, presenti in alcuni luoghi lungo la via dove il camminatore pu\u00f2 scrivere un pensiero, le proprie impressioni, suggerimenti, critiche sul cammino. <\/p>\n\n\n\n<figure class=\"wp-block-table\"><table class=\"has-fixed-layout\"><thead><tr><td><strong>Localit\u00e0<\/strong><\/td><td><strong>Denominazione Accoglienza&nbsp;<\/strong><\/td><td><strong>Timbro&nbsp;<\/strong><\/td><td><strong>Registro&nbsp;<\/strong><\/td><\/tr><\/thead><tbody><tr><td>Pavia&nbsp;&nbsp;&nbsp;&nbsp;&nbsp;<\/td><td>InfoPOINT (Informazione e Accoglienza Turistica) &nbsp; &nbsp;<\/td><td>si&nbsp;<\/td><td>&nbsp;<\/td><\/tr><tr><td>Bromi&nbsp;&nbsp;&nbsp;&nbsp;&nbsp;<\/td><td>Hotel Grillo Verde&nbsp;<\/td><td>si<\/td><td>&nbsp;<\/td><\/tr><tr><td>Montecalvo Versiggia&nbsp;<\/td><td>Casa&nbsp; Fernanda&nbsp;<\/td><td>si<\/td><td>&nbsp;<\/td><\/tr><tr><td>Bagarello<\/td><td>Agriturismo Bagarellm<\/td><td>si<\/td><td>&nbsp;<\/td><\/tr><tr><td>Colombarone<\/td><td>La Vecchia Cantina<\/td><td>si&nbsp;&nbsp;&nbsp;&nbsp;<\/td><td>si<\/td><\/tr><tr><td>Pometo<\/td><td>Cai Mariangela&nbsp;<\/td><td>si<\/td><td>&nbsp;<\/td><\/tr><tr><td>Caminata&nbsp;<\/td><td>La Casa delle Rose&nbsp;<\/td><td>si&nbsp;<\/td><td>&nbsp;<\/td><\/tr><tr><td>Bobbio&nbsp;&nbsp;&nbsp;&nbsp;&nbsp;&nbsp;&nbsp;&nbsp;&nbsp;&nbsp;&nbsp;&nbsp;<\/td><td>IAT Bobbio<\/td><td>si<\/td><td>&nbsp;<\/td><\/tr><tr><td>Mareto&nbsp;&nbsp;&nbsp;&nbsp;&nbsp;&nbsp;&nbsp;&nbsp;<\/td><td>Albergo dei Caccitori&nbsp;<\/td><td>si<\/td><td>si<\/td><\/tr><tr><td>Nicelli<\/td><td>B&amp;B Le Margherite<\/td><td>si<\/td><td>&nbsp;<\/td><\/tr><tr><td>Farini&nbsp;<\/td><td>L&#8217;Orto dei Semplici&nbsp;<\/td><td>si&nbsp;<\/td><td>&nbsp;<\/td><\/tr><tr><td>Groppallo&nbsp;&nbsp;&nbsp;&nbsp;&nbsp;&nbsp;&nbsp;&nbsp;<\/td><td>Albergo Salini&nbsp;<\/td><td>si<\/td><td>si<\/td><\/tr><tr><td>&nbsp;<\/td><td>Albergo Italia&nbsp;<\/td><td>si<\/td><td>&nbsp;<\/td><\/tr><tr><td>Bruzzi&nbsp;<\/td><td>Trattoria Monte Lama&nbsp;<\/td><td>si&nbsp;<\/td><td>&nbsp;<\/td><\/tr><tr><td>Bardi&nbsp;&nbsp;&nbsp;&nbsp;&nbsp;&nbsp;&nbsp;&nbsp;<\/td><td>Il Bue Rosso&nbsp;&nbsp;&nbsp;&nbsp;&nbsp;&nbsp;&nbsp;&nbsp;<\/td><td>si<\/td><td>&nbsp;<\/td><\/tr><tr><td>&nbsp;<\/td><td>Canonica<\/td><td>si<\/td><td>&nbsp;<\/td><\/tr><tr><td>&nbsp;<\/td><td>Antica Osteria del Pellicano<\/td><td>si<\/td><td>&nbsp;<\/td><\/tr><tr><td>Predario<\/td><td>Ca&#8217; d&#8217;Alfieri&nbsp;<\/td><td>si<\/td><td>&nbsp;<\/td><\/tr><tr><td>Osacca&nbsp;&nbsp;&nbsp;&nbsp;&nbsp;&nbsp;&nbsp;&nbsp;<\/td><td>Zazzera &nbsp;(Pino)<\/td><td>si<\/td><td>si<\/td><\/tr><tr><td>Caffaraccia&nbsp;&nbsp;&nbsp;&nbsp;&nbsp;<\/td><td>La Costa<\/td><td>si<\/td><td>&nbsp;<\/td><\/tr><tr><td>Borgotaro<\/td><td>Canonica (Gino)<\/td><td>si<\/td><td>si<\/td><\/tr><tr><td>&nbsp;<\/td><td>Albergo Roma&nbsp;&nbsp;&nbsp;&nbsp;&nbsp;&nbsp;&nbsp;&nbsp;<\/td><td>si&nbsp;&nbsp;&nbsp;&nbsp;&nbsp;<\/td><td>&nbsp;<\/td><\/tr><tr><td>&nbsp;<\/td><td>Albergo Mistrello<\/td><td>si<\/td><td>&nbsp;<\/td><\/tr><tr><td>Pontremoli&nbsp;&nbsp;&nbsp;&nbsp;<\/td><td>Ostello San Lorenzo Martire<\/td><td>si<\/td><td>&nbsp;<\/td><\/tr><\/tbody><\/table><\/figure>\n\n\n\n<p><\/p>\n\n\n\n<h3 class=\"wp-block-heading\">Cartoguida<\/h3>\n\n\n\n<p>Oltre alla credenziale, il camminatore ricever\u00e0 la cartoguida della sezione di itinerario Bobbio-Pontremoli insieme con adesivi e materiale informativo stampato. Sono attualmente in fase di definizione una nuova brochure informativa e un vademecum che saranno distribuiti ai camminatori che richiedono la credenziale.<br><br><strong>Cartoguida Bobbio &#8211; Pontremoli&nbsp;<\/strong>(illustrate qui sotto).<\/p>\n\n\n\n<p>Confezione:&nbsp; &nbsp; &nbsp; &nbsp; &nbsp; &nbsp; &nbsp; &nbsp; &nbsp; &nbsp;Folder Plastificato<br>Ogni Cartoguida comprende 2 pagine fronte retro per un totale di 4 facciate&nbsp; (2 fronte + 2 retro)<br>Scala:&nbsp; &nbsp; &nbsp; &nbsp; &nbsp; &nbsp; &nbsp; &nbsp; &nbsp; &nbsp; &nbsp; &nbsp; &nbsp; &nbsp; 1\/ 25.000&nbsp;<br>Dimensione:&nbsp; &nbsp; &nbsp; &nbsp; &nbsp; &nbsp; &nbsp; &nbsp; &nbsp;68&#215;70 cm. l&#8217;una<\/p>\n\n\n\n<figure class=\"wp-block-image size-large\"><img loading=\"lazy\" decoding=\"async\" width=\"1024\" height=\"995\" src=\"https:\/\/viadegliabati.com\/wp-content\/uploads\/2025\/03\/image-3-1024x995.jpeg\" alt=\"\" class=\"wp-image-219\"\/><\/figure>\n\n\n\n<figure class=\"wp-block-image size-large\"><img loading=\"lazy\" decoding=\"async\" width=\"1024\" height=\"995\" src=\"https:\/\/viadegliabati.com\/wp-content\/uploads\/2025\/03\/image-2-1024x995.jpeg\" alt=\"\" class=\"wp-image-218\"\/><\/figure>\n\n\n\n<figure class=\"wp-block-image size-large\"><img loading=\"lazy\" decoding=\"async\" width=\"1024\" height=\"995\" src=\"https:\/\/viadegliabati.com\/wp-content\/uploads\/2025\/03\/image-1-1024x995.jpeg\" alt=\"\" class=\"wp-image-217\"\/><\/figure>\n\n\n\n<figure class=\"wp-block-image size-full\"><img loading=\"lazy\" decoding=\"async\" width=\"1024\" height=\"995\" src=\"https:\/\/viadegliabati.com\/wp-content\/uploads\/2025\/03\/image.jpeg\" alt=\"\" class=\"wp-image-216\" style=\"object-fit:cover\" srcset=\"https:\/\/viadegliabati.com\/wp-content\/uploads\/2025\/03\/image.jpeg 1024w, https:\/\/viadegliabati.com\/wp-content\/uploads\/2025\/03\/image-600x583.jpeg 600w, https:\/\/viadegliabati.com\/wp-content\/uploads\/2025\/03\/image-300x292.jpeg 300w, https:\/\/viadegliabati.com\/wp-content\/uploads\/2025\/03\/image-768x746.jpeg 768w\" sizes=\"auto, (max-width: 1024px) 100vw, 1024px\" \/><\/figure>\n\n\n\n<p><\/p>\n","protected":false},"excerpt":{"rendered":"<p>La credenziale \u00e8 il certificato che attesta che il camminatore ha percorso la Via. Contiene&nbsp;una parte informativa, da compilare all&#8217;inizio del viaggio con i propri dati personali, luogo e data [&hellip;]<\/p>\n","protected":false},"author":1,"featured_media":0,"parent":0,"menu_order":0,"comment_status":"closed","ping_status":"closed","template":"","meta":{"footnotes":""},"class_list":["post-38","page","type-page","status-publish","hentry"],"_links":{"self":[{"href":"https:\/\/viadegliabati.com\/index.php\/wp-json\/wp\/v2\/pages\/38","targetHints":{"allow":["GET"]}}],"collection":[{"href":"https:\/\/viadegliabati.com\/index.php\/wp-json\/wp\/v2\/pages"}],"about":[{"href":"https:\/\/viadegliabati.com\/index.php\/wp-json\/wp\/v2\/types\/page"}],"author":[{"embeddable":true,"href":"https:\/\/viadegliabati.com\/index.php\/wp-json\/wp\/v2\/users\/1"}],"replies":[{"embeddable":true,"href":"https:\/\/viadegliabati.com\/index.php\/wp-json\/wp\/v2\/comments?post=38"}],"version-history":[{"count":37,"href":"https:\/\/viadegliabati.com\/index.php\/wp-json\/wp\/v2\/pages\/38\/revisions"}],"predecessor-version":[{"id":430,"href":"https:\/\/viadegliabati.com\/index.php\/wp-json\/wp\/v2\/pages\/38\/revisions\/430"}],"wp:attachment":[{"href":"https:\/\/viadegliabati.com\/index.php\/wp-json\/wp\/v2\/media?parent=38"}],"curies":[{"name":"wp","href":"https:\/\/api.w.org\/{rel}","templated":true}]}}